{"id":463,"date":"2022-05-31T16:33:11","date_gmt":"2022-05-31T16:33:11","guid":{"rendered":"https:\/\/reactivalab.ec\/?post_type=product&#038;p=463"},"modified":"2026-03-02T02:08:30","modified_gmt":"2026-03-02T07:08:30","slug":"cajas-de-reactivalab-bachillerato","status":"publish","type":"product","link":"https:\/\/reactivalab.ec\/index.php\/producto\/cajas-de-reactivalab-bachillerato\/","title":{"rendered":"Cajas Reactivalab para cada nivel de Bachillerato"},"content":{"rendered":"<p><span style=\"font-family: 'Segoe UI',sans-serif; color: #333333;\">Las sustancias incluidas cumplen con la norma EN-71-4 del Comit\u00e9 Europeo de Normalizaci\u00f3n, respecto de la edad y cantidad que se puede incluir en kits de experimentos.<\/span><\/p>\n","protected":false},"excerpt":{"rendered":"<p style=\"margin-top: 0cm; text-align: justify; background: white;\"><span style=\"font-family: 'Segoe UI',sans-serif; color: #333333;\">Cajas de 40 experimentos (uno por cada semana del a\u00f1o lectivo) especialmente creadas para los tres niveles del Bachillerato General Unificado a fin de acompa\u00f1ar con actividades pr\u00e1ctico-experimentales los conocimientos que las y los estudiantes reciben tanto en los niveles del tronco com\u00fan como en el bachillerato en ciencias.\u00a0 Las pr\u00e1cticas est\u00e1n orientadas a que las y los estudiantes reconozcan a partir de la indagaci\u00f3n los factores que originan las transformaciones de la materia y que comprueben las teor\u00edas y leyes de la Naturaleza al igual que la consolidaci\u00f3n del conocimiento de Qu\u00edmica Inorg\u00e1nica y Estequiometr\u00eda.<\/span><\/p>\n<p style=\"margin-top: 0cm; text-align: justify; background: white;\"><span style=\"font-family: 'Segoe UI',sans-serif; color: #333333;\">El dise\u00f1o de cada experimento contribuye a que aprendan a manipular con seguridad materiales y reactivos qu\u00edmicos teniendo en cuenta sus propiedades f\u00edsicas y qu\u00edmicas, considerando la lectura de los pictogramas de seguridad.\u00a0<\/span><\/p>\n<p>&nbsp;<\/p>\n","protected":false},"featured_media":464,"comment_status":"open","ping_status":"closed","template":"","meta":{"_joinchat":[]},"product_cat":[18],"product_tag":[],"class_list":{"0":"post-463","1":"product","2":"type-product","3":"status-publish","4":"has-post-thumbnail","6":"product_cat-reactivalab","8":"first","9":"instock","10":"taxable","11":"shipping-taxable","12":"purchasable","13":"product-type-simple"},"_links":{"self":[{"href":"https:\/\/reactivalab.ec\/index.php\/wp-json\/wp\/v2\/product\/463","targetHints":{"allow":["GET"]}}],"collection":[{"href":"https:\/\/reactivalab.ec\/index.php\/wp-json\/wp\/v2\/product"}],"about":[{"href":"https:\/\/reactivalab.ec\/index.php\/wp-json\/wp\/v2\/types\/product"}],"replies":[{"embeddable":true,"href":"https:\/\/reactivalab.ec\/index.php\/wp-json\/wp\/v2\/comments?post=463"}],"wp:featuredmedia":[{"embeddable":true,"href":"https:\/\/reactivalab.ec\/index.php\/wp-json\/wp\/v2\/media\/464"}],"wp:attachment":[{"href":"https:\/\/reactivalab.ec\/index.php\/wp-json\/wp\/v2\/media?parent=463"}],"wp:term":[{"taxonomy":"product_cat","embeddable":true,"href":"https:\/\/reactivalab.ec\/index.php\/wp-json\/wp\/v2\/product_cat?post=463"},{"taxonomy":"product_tag","embeddable":true,"href":"https:\/\/reactivalab.ec\/index.php\/wp-json\/wp\/v2\/product_tag?post=463"}],"curies":[{"name":"wp","href":"https:\/\/api.w.org\/{rel}","templated":true}]}}