{"id":150,"date":"2022-05-18T13:29:26","date_gmt":"2022-05-18T13:29:26","guid":{"rendered":"https:\/\/reactivalab.ec\/?page_id=150"},"modified":"2022-05-31T15:02:18","modified_gmt":"2022-05-31T15:02:18","slug":"aulas-virtuales","status":"publish","type":"page","link":"https:\/\/reactivalab.ec\/index.php\/aulas-virtuales\/","title":{"rendered":"Aulas Virtuales"},"content":{"rendered":"<div class=\"slider-wrapper relative\" id=\"slider-944393281\" >\n    <div class=\"slider slider-nav-circle slider-nav-large slider-nav-light slider-style-normal\"\n        data-flickity-options='{\n            \"cellAlign\": \"center\",\n            \"imagesLoaded\": true,\n            \"lazyLoad\": 1,\n            \"freeScroll\": false,\n            \"wrapAround\": true,\n            \"autoPlay\": 6000,\n            \"pauseAutoPlayOnHover\" : true,\n            \"prevNextButtons\": true,\n            \"contain\" : true,\n            \"adaptiveHeight\" : true,\n            \"dragThreshold\" : 10,\n            \"percentPosition\": true,\n            \"pageDots\": true,\n            \"rightToLeft\": false,\n            \"draggable\": true,\n            \"selectedAttraction\": 0.1,\n            \"parallax\" : 0,\n            \"friction\": 0.6        }'\n        >\n        \n\n\n  <div class=\"banner has-hover has-parallax\" id=\"banner-1450465784\">\n          <div class=\"banner-inner fill\">\n        <div class=\"banner-bg fill\" data-parallax=\"-3\" data-parallax-container=\".banner\" data-parallax-background>\n            <div class=\"bg fill bg-fill \"><\/div>\n                                    \n                    <\/div>\n        <div class=\"banner-layers container\">\n            <div class=\"fill banner-link\"><\/div>            \n\n   <div id=\"text-box-207596767\" class=\"text-box banner-layer x5 md-x5 lg-x5 y95 md-y50 lg-y50 res-text\">\n                                <div class=\"text box-shadow-1\">\n              \n              <div class=\"text-inner text-left\">\n                  \n\n<h6>REACTIVALAB<\/h6>\n<h3 class=\"uppercase\">Accede al mundo INTERACTIVO<\/h3>\n<p>Si ya cuentas con uno de nuestros productos, tienes acceso a un aula virtual en la cual puedes obtener informaci\u00f3n adicional sobre los experimentos.<\/p>\n<a href=\"https:\/\/reactivalab.ec\/index.php\/mi-cuenta\/\" target=\"_self\" class=\"button primary is-gradient\"  >\n    <span>Inicia tu sesi\u00f3n<\/span>\n  <\/a>\n\n\n\n              <\/div>\n           <\/div>\n                            \n<style>\n#text-box-207596767 .text {\n  background-color: rgba(255, 255, 255, 0.94);\n  font-size: 100%;\n}\n#text-box-207596767 .text-inner {\n  padding: 30px 30px 30px 30px;\n}\n#text-box-207596767 {\n  width: 90%;\n}\n@media (min-width:550px) {\n  #text-box-207596767 {\n    width: 44%;\n  }\n}\n<\/style>\n    <\/div>\n \n\n        <\/div>\n      <\/div>\n\n            \n<style>\n#banner-1450465784 {\n  padding-top: 637px;\n}\n#banner-1450465784 .bg.bg-loaded {\n  background-image: url(https:\/\/reactivalab.ec\/wp-content\/uploads\/2021\/12\/Interior-of-chemistry-classroom-534695-scaled.jpg);\n}\n#banner-1450465784 .bg {\n  background-position: 80% 90%;\n}\n<\/style>\n  <\/div>\n\n\n\n  <div class=\"banner has-hover has-parallax\" id=\"banner-1498802213\">\n          <div class=\"banner-inner fill\">\n        <div class=\"banner-bg fill\" data-parallax=\"-4\" data-parallax-container=\".banner\" data-parallax-background>\n            <div class=\"bg fill bg-fill \"><\/div>\n                        <div class=\"overlay\"><\/div>            \n            <div class=\"effect-sparkle bg-effect fill no-click\"><\/div>        <\/div>\n        <div class=\"banner-layers container\">\n            <div class=\"fill banner-link\"><\/div>            \n\n   <div id=\"text-box-758636521\" class=\"text-box banner-layer x5 md-x5 lg-x5 y90 md-y50 lg-y50 res-text\">\n                                <div class=\"text box-shadow-1\">\n              \n              <div class=\"text-inner text-left\">\n                  \n\n\t<div id=\"text-868060040\" class=\"text\">\n\t\t\n\n<h6>AULA VIRTUAL<\/h6>\n<h3 class=\"uppercase\"><strong>MAGIA QU\u00cdMICA<\/strong><\/h3>\n<p>En el interior de nuestros productos podr\u00e1s encontrar tu usuario y contrase\u00f1a para acceder a nuestro portal.<\/p>\n\t\t\n<style>\n#text-868060040 {\n  color: rgb(0, 0, 0);\n}\n<\/style>\n\t<\/div>\n\t\n<a href=\"https:\/\/reactivalab.ec\/index.php\/courses\/magia-quimica\/\" target=\"_self\" class=\"button secondary\"  >\n    <span>inicia sesi\u00f3n<\/span>\n  <\/a>\n\n\n\n              <\/div>\n           <\/div>\n                            \n<style>\n#text-box-758636521 .text {\n  background-color: rgb(255, 246, 0);\n  font-size: 100%;\n}\n#text-box-758636521 .text-inner {\n  padding: 30px 30px 30px 30px;\n}\n#text-box-758636521 {\n  width: 88%;\n}\n@media (min-width:550px) {\n  #text-box-758636521 {\n    width: 50%;\n  }\n}\n<\/style>\n    <\/div>\n \n\n        <\/div>\n      <\/div>\n\n            \n<style>\n#banner-1498802213 {\n  padding-top: 637px;\n}\n#banner-1498802213 .bg.bg-loaded {\n  background-image: url(https:\/\/reactivalab.ec\/wp-content\/uploads\/2022\/05\/CAJAS.jpg);\n}\n#banner-1498802213 .overlay {\n  background-color: rgba(13, 42, 125, 0.65);\n}\n#banner-1498802213 .bg {\n  background-position: 62% 45%;\n}\n<\/style>\n  <\/div>\n\n\n\n     <\/div>\n\n     <div class=\"loading-spin dark large centered\"><\/div>\n\n     <\/div>\n\n\n\t<section class=\"section\" id=\"section_806367327\">\n\t\t<div class=\"bg section-bg fill bg-fill  bg-loaded\" >\n\n\t\t\t\n\t\t\t\n\t\t\t\n\n\t\t<\/div>\n\n\t\t<div class=\"section-content relative\">\n\t\t\t\n\n<div class=\"row row-large align-center row-divided\"  id=\"row-2049438262\">\n\n\n\t<div id=\"col-1761494045\" class=\"col medium-4 large-4\"  >\n\t\t<div class=\"col-inner\"  >\n\t\t\t\n\t\t\t\n\n\n\t\t<div class=\"icon-box featured-box icon-box-center text-center\"  style=\"margin:0px 0px 0px 0px;\">\n\t\t\t\t\t<div class=\"icon-box-img\" style=\"width: 200px\">\n\t\t\t\t<div class=\"icon\">\n\t\t\t\t\t<div class=\"icon-inner\" >\n\t\t\t\t\t\t<img loading=\"lazy\" decoding=\"async\" width=\"300\" height=\"300\" src=\"https:\/\/reactivalab.ec\/wp-content\/uploads\/2021\/12\/kit2-300x300.png\" class=\"attachment-medium size-medium\" alt=\"\" srcset=\"https:\/\/reactivalab.ec\/wp-content\/uploads\/2021\/12\/kit2-300x300.png 300w, https:\/\/reactivalab.ec\/wp-content\/uploads\/2021\/12\/kit2-150x150.png 150w, https:\/\/reactivalab.ec\/wp-content\/uploads\/2021\/12\/kit2-100x100.png 100w, https:\/\/reactivalab.ec\/wp-content\/uploads\/2021\/12\/kit2.png 369w\" sizes=\"auto, (max-width: 300px) 100vw, 300px\" \/>\t\t\t\t\t<\/div>\n\t\t\t\t<\/div>\n\t\t\t<\/div>\n\t\t\t\t<div class=\"icon-box-text last-reset\">\n\t\t\t<h5 class=\"uppercase\">PASO 1<\/h5>\t\t\t\t\t\t\n\n<p>Recibe tu caja de experimentos de REACTIVALab, sea a trav\u00e9s de tu colegio, nuestros puntos de distribuci\u00f3n o nuestra tienda en l\u00ednea<\/p>\n\t<div id=\"gap-286290896\" class=\"gap-element clearfix\" style=\"display:block; height:auto;\">\n\t\t\n<style>\n#gap-286290896 {\n  padding-top: 30px;\n}\n<\/style>\n\t<\/div>\n\t\n\n<a href=\"https:\/\/reactivalab.ec\/index.php\/tienda\/\" target=\"_self\" class=\"button primary\"  style=\"border-radius:10px;\">\n    <span>Comprar aqu\u00ed<\/span>\n  <\/a>\n\n\n\n\t\t<\/div>\n\t<\/div>\n\t\n\t\n\n\t\t<\/div>\n\t\t\t<\/div>\n\n\t\n\n\t<div id=\"col-2005815805\" class=\"col medium-4 large-4\"  >\n\t\t<div class=\"col-inner\"  >\n\t\t\t\n\t\t\t\n\n\n\t\t<div class=\"icon-box featured-box icon-box-center text-center\"  style=\"margin:0px 0px 0px 0px;\">\n\t\t\t\t\t<div class=\"icon-box-img\" style=\"width: 200px\">\n\t\t\t\t<div class=\"icon\">\n\t\t\t\t\t<div class=\"icon-inner\" >\n\t\t\t\t\t\t<img loading=\"lazy\" decoding=\"async\" width=\"300\" height=\"300\" src=\"https:\/\/reactivalab.ec\/wp-content\/uploads\/2021\/12\/kit1-300x300.png\" class=\"attachment-medium size-medium\" alt=\"\" srcset=\"https:\/\/reactivalab.ec\/wp-content\/uploads\/2021\/12\/kit1-300x300.png 300w, https:\/\/reactivalab.ec\/wp-content\/uploads\/2021\/12\/kit1-150x150.png 150w, https:\/\/reactivalab.ec\/wp-content\/uploads\/2021\/12\/kit1-100x100.png 100w, https:\/\/reactivalab.ec\/wp-content\/uploads\/2021\/12\/kit1.png 369w\" sizes=\"auto, (max-width: 300px) 100vw, 300px\" \/>\t\t\t\t\t<\/div>\n\t\t\t\t<\/div>\n\t\t\t<\/div>\n\t\t\t\t<div class=\"icon-box-text last-reset\">\n\t\t\t<h5 class=\"uppercase\">PASO 2<\/h5>\t\t\t\t\t\t\n\n<p>Cuando recibas tu caja, busca en el interior una tarjeta en la que vas a encontrar tu usuario y contrase\u00f1a, cada caja tiene un c\u00f3digo \u00fanico.<\/p>\n\n\t\t<\/div>\n\t<\/div>\n\t\n\t\n\n\t\t<\/div>\n\t\t\t<\/div>\n\n\t\n\n\t<div id=\"col-2050397363\" class=\"col medium-4 large-4\"  >\n\t\t<div class=\"col-inner\"  >\n\t\t\t\n\t\t\t\n\n\n\t\t<div class=\"icon-box featured-box icon-box-center text-center\"  style=\"margin:0px 0px 0px 0px;\">\n\t\t\t\t\t<div class=\"icon-box-img\" style=\"width: 200px\">\n\t\t\t\t<div class=\"icon\">\n\t\t\t\t\t<div class=\"icon-inner\" >\n\t\t\t\t\t\t<img loading=\"lazy\" decoding=\"async\" width=\"300\" height=\"300\" src=\"https:\/\/reactivalab.ec\/wp-content\/uploads\/2021\/12\/kit3-300x300.png\" class=\"attachment-medium size-medium\" alt=\"\" srcset=\"https:\/\/reactivalab.ec\/wp-content\/uploads\/2021\/12\/kit3-300x300.png 300w, https:\/\/reactivalab.ec\/wp-content\/uploads\/2021\/12\/kit3-150x150.png 150w, https:\/\/reactivalab.ec\/wp-content\/uploads\/2021\/12\/kit3-100x100.png 100w, https:\/\/reactivalab.ec\/wp-content\/uploads\/2021\/12\/kit3.png 369w\" sizes=\"auto, (max-width: 300px) 100vw, 300px\" \/>\t\t\t\t\t<\/div>\n\t\t\t\t<\/div>\n\t\t\t<\/div>\n\t\t\t\t<div class=\"icon-box-text last-reset\">\n\t\t\t<h5 class=\"uppercase\">PASO 3<\/h5>\t\t\t\t\t\t\n\n<p>Accede a nuestro espacio virtual de aprendizaje y vi<span style=\"color: #333333; font-size: 14.4px;\">ve la experiencia REACTIVALab.<\/span><\/p>\n\t<div id=\"gap-458713721\" class=\"gap-element clearfix\" style=\"display:block; height:auto;\">\n\t\t\n<style>\n#gap-458713721 {\n  padding-top: 30px;\n}\n<\/style>\n\t<\/div>\n\t\n\n<a href=\"https:\/\/reactivalab.ec\/index.php\/mi-cuenta\/\" target=\"_self\" class=\"button secondary\"  style=\"border-radius:10px;\">\n    <span>ACCEDER AL AULA VIRTUAL<\/span>\n  <\/a>\n\n\n\n\t\t<\/div>\n\t<\/div>\n\t\n\t\n\n\t\t<\/div>\n\t\t\t<\/div>\n\n\t\n\n<\/div>\n\n\t\t<\/div>\n\n\t\t\n<style>\n#section_806367327 {\n  padding-top: 30px;\n  padding-bottom: 30px;\n  background-color: rgb(255, 255, 255);\n}\n<\/style>\n\t<\/section>\n\t\n\t<section class=\"section dark\" id=\"section_1224407310\">\n\t\t<div class=\"bg section-bg fill bg-fill  bg-loaded\" >\n\n\t\t\t\n\t\t\t<div class=\"section-bg-overlay absolute fill\"><\/div>\n\t\t\t\n\t<div class=\"is-border\"\n\t\tstyle=\"border-width:1px 0px 1px 0px;\">\n\t<\/div>\n\n\t\t<\/div>\n\n\t\t<div class=\"section-content relative\">\n\t\t\t\n\n<div class=\"row row-large align-middle\"  id=\"row-1747929775\">\n\n\n\t<div id=\"col-976809325\" class=\"col medium-7 small-12 large-7\"  >\n\t\t<div class=\"col-inner\"  >\n\t\t\t\n\t\t\t\n\n\t<div class=\"img has-hover x md-x lg-x y md-y lg-y\" id=\"image_309273530\">\n\t\t\t\t\t\t\t\t<div class=\"img-inner box-shadow-2 dark\" >\n\t\t\t\t\t\t\t\t\t\n\t\t\t\t\t<\/div>\n\t\t\t\t\t\t\t\t\n<style>\n#image_309273530 {\n  width: 100%;\n}\n<\/style>\n\t<\/div>\n\t\n\n\t<div class=\"img has-hover x md-x lg-x y md-y lg-y\" id=\"image_1161389195\">\n\t\t\t\t\t\t\t\t<div class=\"img-inner dark\" >\n\t\t\t<img loading=\"lazy\" decoding=\"async\" width=\"1020\" height=\"422\" src=\"https:\/\/reactivalab.ec\/wp-content\/uploads\/2022\/05\/cuenta-1024x424.jpg\" class=\"attachment-large size-large\" alt=\"\" srcset=\"https:\/\/reactivalab.ec\/wp-content\/uploads\/2022\/05\/cuenta-1024x424.jpg 1024w, https:\/\/reactivalab.ec\/wp-content\/uploads\/2022\/05\/cuenta-300x124.jpg 300w, https:\/\/reactivalab.ec\/wp-content\/uploads\/2022\/05\/cuenta-768x318.jpg 768w, https:\/\/reactivalab.ec\/wp-content\/uploads\/2022\/05\/cuenta-600x249.jpg 600w, https:\/\/reactivalab.ec\/wp-content\/uploads\/2022\/05\/cuenta.jpg 1113w\" sizes=\"auto, (max-width: 1020px) 100vw, 1020px\" \/>\t\t\t\t\t\t\n\t\t\t\t\t<\/div>\n\t\t\t\t\t\t\t\t\n<style>\n#image_1161389195 {\n  width: 100%;\n}\n<\/style>\n\t<\/div>\n\t\n\n\n\t\t<\/div>\n\t\t\t<\/div>\n\n\t\n\n\t<div id=\"col-1213214604\" class=\"col medium-4 small-12 large-4\"  >\n\t\t<div class=\"col-inner text-left\"  >\n\t\t\t\n\t\t\t\n\n<h2 class=\"uppercase\">ACTUALIZA TUS DATOS<\/h2>\n<p>Para que puedas generar tu certificado y personalizar tu experiencia en nuestra plataforma.<\/p>\n<a href=\"https:\/\/reactivalab.ec\/index.php\/mi-cuenta\/edit-account\/\" target=\"_self\" class=\"button alert\"  >\n    <span>EDITA TU CUENTA<\/span>\n  <\/a>\n\n\n\n\t\t<\/div>\n\t\t\t<\/div>\n\n\t\n\n<\/div>\n\n\t\t<\/div>\n\n\t\t\n<style>\n#section_1224407310 {\n  padding-top: 60px;\n  padding-bottom: 60px;\n  background-color: rgb(193, 193, 193);\n}\n#section_1224407310 .section-bg-overlay {\n  background-color: #0e0f0f;\n}\n<\/style>\n\t<\/section>\n\t\n\t<section class=\"section\" id=\"section_215272481\">\n\t\t<div class=\"bg section-bg fill bg-fill  bg-loaded\" >\n\n\t\t\t\n\t\t\t<div class=\"section-bg-overlay absolute fill\"><\/div>\n\t\t\t\n\n\t\t<\/div>\n\n\t\t<div class=\"section-content relative\">\n\t\t\t\n\n<div class=\"row row-large align-middle\"  id=\"row-2059686062\">\n\n\n\t<div id=\"col-654767559\" class=\"col medium-3 small-12 large-3\"  >\n\t\t<div class=\"col-inner text-left\"  >\n\t\t\t\n\t\t\t\n\n<h2 class=\"uppercase\">plataforma<\/h2>\n<p>Empleamos la tecnolog\u00eda m\u00e1s reciente en el manejo de aulas virtuales para que obtengas el m\u00e1ximo beneficio,\u00a0<\/p>\n\n\t\t<\/div>\n\t\t\t<\/div>\n\n\t\n\n\t<div id=\"col-1860261729\" class=\"col medium-9 small-12 large-9\"  >\n\t\t<div class=\"col-inner\"  >\n\t\t\t\n\t\t\t\n\n\t<div class=\"img has-hover x md-x lg-x y md-y lg-y\" id=\"image_536027759\">\n\t\t\t\t\t\t\t\t<div class=\"img-inner box-shadow-2 dark\" >\n\t\t\t\t\t\t\t\t\t\n\t\t\t\t\t<\/div>\n\t\t\t\t\t\t\t\t\n<style>\n#image_536027759 {\n  width: 100%;\n}\n<\/style>\n\t<\/div>\n\t\n\n\t<div class=\"img has-hover x md-x lg-x y md-y lg-y\" id=\"image_462104292\">\n\t\t\t\t\t\t\t\t<div class=\"img-inner dark\" >\n\t\t\t<img loading=\"lazy\" decoding=\"async\" width=\"1020\" height=\"716\" src=\"https:\/\/reactivalab.ec\/wp-content\/uploads\/2022\/05\/interfaz-leccion-1024x719.jpg\" class=\"attachment-large size-large\" alt=\"\" srcset=\"https:\/\/reactivalab.ec\/wp-content\/uploads\/2022\/05\/interfaz-leccion-1024x719.jpg 1024w, https:\/\/reactivalab.ec\/wp-content\/uploads\/2022\/05\/interfaz-leccion-300x211.jpg 300w, https:\/\/reactivalab.ec\/wp-content\/uploads\/2022\/05\/interfaz-leccion-768x540.jpg 768w, https:\/\/reactivalab.ec\/wp-content\/uploads\/2022\/05\/interfaz-leccion-600x422.jpg 600w, https:\/\/reactivalab.ec\/wp-content\/uploads\/2022\/05\/interfaz-leccion.jpg 1113w\" sizes=\"auto, (max-width: 1020px) 100vw, 1020px\" \/>\t\t\t\t\t\t\n\t\t\t\t\t<\/div>\n\t\t\t\t\t\t\t\t\n<style>\n#image_462104292 {\n  width: 100%;\n}\n<\/style>\n\t<\/div>\n\t\n\n\n\t\t<\/div>\n\t\t\t<\/div>\n\n\t\n\n<\/div>\n\n\t\t<\/div>\n\n\t\t\n<style>\n#section_215272481 {\n  padding-top: 60px;\n  padding-bottom: 60px;\n  background-color: rgb(255, 255, 255);\n}\n#section_215272481 .section-bg-overlay {\n  background-color: rgba(255, 255, 255, 0.85);\n}\n<\/style>\n\t<\/section>\n\t\n\t<section class=\"section\" id=\"section_456592575\">\n\t\t<div class=\"bg section-bg fill bg-fill  bg-loaded\" >\n\n\t\t\t\n\t\t\t\n\t\t\t\n\t<div class=\"is-border\"\n\t\tstyle=\"border-width:1px 0px 1px 0px;\">\n\t<\/div>\n\n\t\t<\/div>\n\n\t\t<div class=\"section-content relative\">\n\t\t\t\n\n<div class=\"row align-equal\"  id=\"row-1811768362\">\n\n\n\t<div id=\"col-786640884\" class=\"col medium-3 small-12 large-3\"  >\n\t\t<div class=\"col-inner\"  >\n\t\t\t\n\t\t\t\n\n<h2 class=\"uppercase\">PREGUNTAS<\/h2>\n<p>Hemos respondido algunas de las preguntas m\u00e1s frecuentes&#8230;<\/p>\n\n\t\t<\/div>\n\t\t\t<\/div>\n\n\t\n\n\t<div id=\"col-1078386180\" class=\"col medium-9 small-12 large-9\"  >\n\t\t<div class=\"col-inner\" style=\"background-color:rgb(255, 253, 253);\" >\n\t\t\t\n\t\t\t\n\n<div class=\"accordion\" rel=\"\">\n\n<div class=\"accordion-item\"><a href=\"#\" class=\"accordion-title plain\"><button class=\"toggle\"><i class=\"icon-angle-down\"><\/i><\/button><span>1.\t\u00bfQu\u00e9 caja recibir\u00e9 si compro un kit escolar cuando ya ha empezado el a\u00f1o lectivo?<\/span><\/a><div class=\"accordion-inner\">\n\n<p>Las cajas escolares de REACTIVALab incluyen 25 experimentos para todo el a\u00f1o escolar. Si compras ya empezado el a\u00f1o lectivo, recibir\u00e1s la misma caja y puedes hacer los experimentos de manera aut\u00f3noma con el apoyo de nuestros recursos virtuales de aprendizaje.\u00a0<\/p>\n\n<\/div><\/div>\n<div class=\"accordion-item\"><a href=\"#\" class=\"accordion-title plain\"><button class=\"toggle\"><i class=\"icon-angle-down\"><\/i><\/button><span>2.\t\u00bfUna vez terminado el a\u00f1o escolar seguir\u00e9 teniendo acceso a los recursos virtuales?<\/span><\/a><div class=\"accordion-inner\">\n\n<p>No, las aulas virtuales se mantienen activas durante el a\u00f1o lectivo para acceso de todos quienes est\u00e1n registrados con cajas de experimentos para ese nivel. Una vez finalizado el a\u00f1o, se inhabilitan las aulas para actualizar e incluir nuevo contenido.<\/p>\n\n<\/div><\/div>\n<div class=\"accordion-item\"><a href=\"#\" class=\"accordion-title plain\"><button class=\"toggle\"><i class=\"icon-angle-down\"><\/i><\/button><span>3.\t\u00bfCu\u00e1nto cuestan las cajas (kits)?<\/span><\/a><div class=\"accordion-inner\">\n\n<p>Para conocer los precios de todos nuestros productos de REACTIVALab y escoger el que mejor se ajuste a lo que quieras<\/p>\n\n<\/div><\/div>\n<div class=\"accordion-item\"><a href=\"#\" class=\"accordion-title plain\"><button class=\"toggle\"><i class=\"icon-angle-down\"><\/i><\/button><span>4.\t\u00bfSon seguros los experimentos?<\/span><\/a><div class=\"accordion-inner\">\n\n<p>Desde hace 33 a\u00f1os trabajamos atendiendo el sector de educaci\u00f3n, as\u00ed que hemos puesto toda nuestra experiencia para garantizar que nuestros experimentos sean lo m\u00e1s seguros posible:<\/p>\n<ul>\n<li>Solo utilizamos sustancias aprobadas en la lista especial de sustancias que est\u00e1n permitidas en los juegos de qu\u00edmica para ni\u00f1os seg\u00fan la norma EN 71-4 del Comit\u00e9 Europeo de Normalizaci\u00f3n.<\/li>\n<li>Cada caja (kit) de experimentos ha sido cuidadosamente dise\u00f1ada para cada edad<\/li>\n<li>En los recursos virtuales complementarios a la caja de pr\u00e1cticas detallamos siempre la forma m\u00e1s segura de realizar cada experimento.<\/li>\n<li>En los envases y sobres dentro del kit de pr\u00e1cticas, ponemos una etiqueta identificando el nivel de precauci\u00f3n de uso que tiene cada sustancia.<\/li>\n<li>Cada experimento incluye instrucciones paso a paso muy detalladas en nuestros tutoriales y\/o instructivos.<\/li>\n<\/ul>\n<p>Para ni\u00f1os menores de 10 a\u00f1os, siempre recomendamos que los experimentos sean realizados con supervisi\u00f3n y\/o apoyo de un adulto. <\/p>\n\n<\/div><\/div>\n<div class=\"accordion-item\"><a href=\"#\" class=\"accordion-title plain\"><button class=\"toggle\"><i class=\"icon-angle-down\"><\/i><\/button><span>5.\t\u00bfQu\u00e9 tan dif\u00edciles son los experimentos para ser realizados por ni\u00f1os\/j\u00f3venes?<\/span><\/a><div class=\"accordion-inner\">\n\n<p>Nuestras cajas (kits) han sido desarrolladas con intencionalidad y cuidado pensando tanto en las competencias de aprendizaje propias de cada edad, como en las habilidades motrices que ya tienen adquiridas para entonces y que permiten la satisfactoria ejecuci\u00f3n de las pr\u00e1cticas.<\/p>\n<p>Adem\u00e1s, en cada experimento incluimos una codificaci\u00f3n que indica el nivel de dificultad.<\/p>\n\n<\/div><\/div>\n<div class=\"accordion-item\"><a href=\"#\" class=\"accordion-title plain\"><button class=\"toggle\"><i class=\"icon-angle-down\"><\/i><\/button><span>6.\t\u00bfSe puede comprar experimentos individuales?<\/span><\/a><div class=\"accordion-inner\">\n\n<p>S\u00ed, existen kits de experimentos individuales disponibles en nuestra tienda en l\u00ednea<\/p>\n\n<\/div><\/div>\n<div class=\"accordion-item\"><a href=\"#\" class=\"accordion-title plain\"><button class=\"toggle\"><i class=\"icon-angle-down\"><\/i><\/button><span>7.\t\u00bfSe puede comprar reactivos adicionales para repetir un experimento?<\/span><\/a><div class=\"accordion-inner\">\n\n<p>S\u00ed,\u00a0 puedes comprar los reactivos necesarios para el experimento que quieras repetir a trav\u00e9s de nuestro n\u00famero de Whatsapp + 593-962893822. No te olvides de indicar el nombre del experimento y la edad a la que corresponde tu caja.<\/p>\n\n<\/div><\/div>\n<div class=\"accordion-item\"><a href=\"#\" class=\"accordion-title plain\"><button class=\"toggle\"><i class=\"icon-angle-down\"><\/i><\/button><span>8.\t\u00bfContienen las cajas cantidad suficiente reactivo para repetir los experimentos ?<\/span><\/a><div class=\"accordion-inner\">\n\n<p>Dependiendo del experimento y de la cantidad de reactivo que utilices, podr\u00edas realizar el experimento hasta 3 veces.<\/p>\n\n<\/div><\/div>\n<div class=\"accordion-item\"><a href=\"#\" class=\"accordion-title plain\"><button class=\"toggle\"><i class=\"icon-angle-down\"><\/i><\/button><span>9.\t\u00bfCu\u00e1ndo se compra en l\u00ednea tiene costo el env\u00edo?<\/span><\/a><div class=\"accordion-inner\">\n\n<p>S\u00ed, si compras en nuestra tienda en l\u00ednea el env\u00edo tiene un costo, el cual se indica claramente antes de finalizar tu compra y variar\u00e1 seg\u00fan tu ciudad y parroquia.<\/p>\n\n<\/div><\/div>\n<div class=\"accordion-item\"><a href=\"#\" class=\"accordion-title plain\"><button class=\"toggle\"><i class=\"icon-angle-down\"><\/i><\/button><span>10.\t\u00bfSe puede comprar para recibirlo en cualquier ciudad?<\/span><\/a><div class=\"accordion-inner\">\n\n<p>S\u00ed, hacemos env\u00edos a nivel nacional y trabajamos con varios servicios de entrega y formas de pago.<\/p>\n\n<\/div><\/div>\n<div class=\"accordion-item\"><a href=\"#\" class=\"accordion-title plain\"><button class=\"toggle\"><i class=\"icon-angle-down\"><\/i><\/button><span>11.\t\u00bfPuedo comprar productos de REACTIVALab como regalo en la tienda en l\u00ednea?<\/span><\/a><div class=\"accordion-inner\">\n\n<p>S\u00ed, cuando comiences el proceso de compra selecciona la opci\u00f3n compra para regalo y se habilitar\u00e1n los campos para que indiques el nombre y direcci\u00f3n del destinatario.<\/p>\n\n<\/div><\/div>\n<div class=\"accordion-item\"><a href=\"#\" class=\"accordion-title plain\"><button class=\"toggle\"><i class=\"icon-angle-down\"><\/i><\/button><span>12.\tUn establecimiento educativo, \u00bfc\u00f3mo puede adquirir REACTIVALab para estudiantes?<\/span><\/a><div class=\"accordion-inner\">\n\n<p>Escr\u00edbenos a <a href=\"mailto:ventas@laboratorioshvo.com\">ventas@laboratorioshvo.com<\/a>\u00a0 con todos tus datos y un asesor se pondr\u00e1 en contacto contigo a la brevedad posible.<\/p>\n\n<\/div><\/div>\n\n<\/div>\n\n\t\t<\/div>\n\t\t\t<\/div>\n\n\t\n\n<\/div>\n\n\t\t<\/div>\n\n\t\t\n<style>\n#section_456592575 {\n  padding-top: 43px;\n  padding-bottom: 43px;\n  min-height: 276px;\n  background-color: rgb(241, 241, 241);\n}\n<\/style>\n\t<\/section>\n\t\n<div class=\"message-box relative dark\" style=\"padding-top:36px;padding-bottom:36px;\"><div class=\"message-box-bg-image bg-fill fill\" ><\/div><div class=\"message-box-bg-overlay bg-fill fill\" style=\"background-color:rgb(74, 74, 74);\"><\/div><div class=\"container relative\"><div class=\"inner last-reset\">\n\n<div class=\"row align-middle\"  id=\"row-1320930012\">\n\n\n\t<div id=\"col-975654709\" class=\"col medium-7 small-12 large-7\"  >\n\t\t<div class=\"col-inner\"  >\n\t\t\t\n\t\t\t\n\n<h2 class=\"uppercase\">\u00bfNecesitas asistencia?<\/h2>\n<p>Cont\u00e1ctanos a trav\u00e9s de nuestros distintos medios<\/p>\n\n\t\t<\/div>\n\t\t\t<\/div>\n\n\t\n\n\t<div id=\"col-1160615698\" class=\"col medium-5 small-12 large-5\"  >\n\t\t<div class=\"col-inner text-right\"  >\n\t\t\t\n\t\t\t\n\n<a data-animate=\"flipInY\" href=\"https:\/\/reactivalab.ec\/index.php\/contacto\/\" target=\"_self\" class=\"button white is-outline is-larger\"  >\n    <span>CONTACTOS<\/span>\n  <i class=\"icon-phone\" ><\/i><\/a>\n\n\n\n\t\t<\/div>\n\t\t\t<\/div>\n\n\t\n\n<\/div>\n\n<\/div><\/div><\/div>","protected":false},"excerpt":{"rendered":"","protected":false},"author":1,"featured_media":0,"parent":0,"menu_order":0,"comment_status":"closed","ping_status":"closed","template":"page-blank.php","meta":{"_joinchat":[],"footnotes":""},"class_list":["post-150","page","type-page","status-publish","hentry"],"_links":{"self":[{"href":"https:\/\/reactivalab.ec\/index.php\/wp-json\/wp\/v2\/pages\/150","targetHints":{"allow":["GET"]}}],"collection":[{"href":"https:\/\/reactivalab.ec\/index.php\/wp-json\/wp\/v2\/pages"}],"about":[{"href":"https:\/\/reactivalab.ec\/index.php\/wp-json\/wp\/v2\/types\/page"}],"author":[{"embeddable":true,"href":"https:\/\/reactivalab.ec\/index.php\/wp-json\/wp\/v2\/users\/1"}],"replies":[{"embeddable":true,"href":"https:\/\/reactivalab.ec\/index.php\/wp-json\/wp\/v2\/comments?post=150"}],"version-history":[{"count":5,"href":"https:\/\/reactivalab.ec\/index.php\/wp-json\/wp\/v2\/pages\/150\/revisions"}],"predecessor-version":[{"id":456,"href":"https:\/\/reactivalab.ec\/index.php\/wp-json\/wp\/v2\/pages\/150\/revisions\/456"}],"wp:attachment":[{"href":"https:\/\/reactivalab.ec\/index.php\/wp-json\/wp\/v2\/media?parent=150"}],"curies":[{"name":"wp","href":"https:\/\/api.w.org\/{rel}","templated":true}]}}